{"id":1328,"date":"2022-02-24T05:05:12","date_gmt":"2022-02-24T05:05:12","guid":{"rendered":"http:\/\/autystka.pl\/?page_id=1328"},"modified":"2022-10-26T21:12:48","modified_gmt":"2022-10-26T19:12:48","slug":"kontakt","status":"publish","type":"page","link":"https:\/\/autystka.pl\/?page_id=1328","title":{"rendered":"Kontakt"},"content":{"rendered":"\n<div class=\"wp-block-uagb-container uagb-block-3c82835a alignfull uagb-is-root-container\"><div class=\"uagb-container-inner-blocks-wrap\">\n<p class=\"has-ffffff-background-color has-background\"><\/p>\n\n\n\n<p class=\"has-ffffff-background-color has-background\"><\/p>\n\n\n\n<p class=\"has-text-align-center has-ast-global-color-4-color has-ffffff-background-color has-text-color has-background has-large-font-size\"><strong>Kontakt<\/strong><\/p>\n<\/div><\/div>\n\n\n\n<div class=\"wp-block-uagb-container uagb-block-911b6aae alignfull uagb-is-root-container\"><div class=\"uagb-container-inner-blocks-wrap\">\n<div class=\"wp-block-uagb-container uagb-block-8f893194\">\n<div class=\"wp-block-uagb-advanced-heading uagb-block-a9c847ec\"><h4 class=\"uagb-heading-text\">Je\u015bli chcesz si\u0119 ze mn\u0105 skontaktowa\u0107, mo\u017cesz skorzysta\u0107 z formularza kontaktowego lub napisa\u0107 e-mail<\/h4><\/div>\n\n\n\n<p class=\"has-medium-font-size\"><strong>EMAIL<\/strong><\/p>\n\n\n\n<div class=\"wp-block-uagb-image uagb-block-10cd626c wp-block-uagb-image--layout-default wp-block-uagb-image--effect-static wp-block-uagb-image--align-none\"><figure class=\"wp-block-uagb-image__figure\"><img decoding=\"async\" loading=\"lazy\" srcset=\"https:\/\/autystka.pl\/wp-content\/uploads\/2022\/09\/email.png \" src=\"https:\/\/autystka.pl\/wp-content\/uploads\/2022\/09\/email.png\" alt=\"adres e-mail\" class=\"uag-image-1849\" width=\"282\" height=\"32\" title=\"\"\/><\/figure><\/div>\n\n\n\n<p><\/p>\n\n\n\n<p><\/p>\n\n\n\n<div class=\"wp-block-uagb-social-share uagb-social-share__outer-wrap uagb-social-share__layout-horizontal uagb-block-d8c91fad\">\n<div class=\"wp-block-uagb-social-share-child uagb-ss-repeater uagb-ss__wrapper uagb-block-c4afb626\"><a class=\"uagb-ss__link\" data-href=\"https:\/\/www.facebook.com\/sharer.php?u=\" rel=\"noopener noreferrer\"><span class=\"uagb-ss__source-wrap\"><span class=\"uagb-ss__source-icon\"><svg xmlns=\"https:\/\/www.w3.org\/2000\/svg\" viewBox=\"0 0 512 512\"><path d=\"M504 256C504 119 393 8 256 8S8 119 8 256c0 123.8 90.69 226.4 209.3 245V327.7h-63V256h63v-54.64c0-62.15 37-96.48 93.67-96.48 27.14 0 55.52 4.84 55.52 4.84v61h-31.28c-30.8 0-40.41 19.12-40.41 38.73V256h68.78l-11 71.69h-57.78V501C413.3 482.4 504 379.8 504 256z\"><\/path><\/svg><\/span><\/span><\/a><\/div>\n\n\n\n<div class=\"wp-block-uagb-social-share-child uagb-ss-repeater uagb-ss__wrapper uagb-block-cc7b50dd\"><a class=\"uagb-ss__link\" data-href=\"https:\/\/www.linkedin.com\/shareArticle?url=\" rel=\"noopener noreferrer\"><span class=\"uagb-ss__source-wrap\"><span class=\"uagb-ss__source-icon\"><svg xmlns=\"https:\/\/www.w3.org\/2000\/svg\" viewBox=\"0 0 448 512\"><path d=\"M416 32H31.9C14.3 32 0 46.5 0 64.3v383.4C0 465.5 14.3 480 31.9 480H416c17.6 0 32-14.5 32-32.3V64.3c0-17.8-14.4-32.3-32-32.3zM135.4 416H69V202.2h66.5V416zm-33.2-243c-21.3 0-38.5-17.3-38.5-38.5S80.9 96 102.2 96c21.2 0 38.5 17.3 38.5 38.5 0 21.3-17.2 38.5-38.5 38.5zm282.1 243h-66.4V312c0-24.8-.5-56.7-34.5-56.7-34.6 0-39.9 27-39.9 54.9V416h-66.4V202.2h63.7v29.2h.9c8.9-16.8 30.6-34.5 62.9-34.5 67.2 0 79.7 44.3 79.7 101.9V416z\"><\/path><\/svg><\/span><\/span><\/a><\/div>\n<\/div>\n<\/div>\n\n\n\n<div class=\"wp-block-uagb-container uagb-block-cfb45d4f\">\n<div class=\"wp-block-uagb-advanced-heading uagb-block-00cbe52b\"><h4 class=\"uagb-heading-text\">Napisz do mnie<\/h4><\/div>\n\n\n<div class=\"wpforms-container \" id=\"wpforms-4\"><form id=\"wpforms-form-4\" class=\"wpforms-validate wpforms-form\" data-formid=\"4\" method=\"post\" enctype=\"multipart\/form-data\" action=\"\/index.php?rest_route=%2Fwp%2Fv2%2Fpages%2F1328\" data-token=\"93d3a42583e3ead136ef9d997180e256\"><noscript class=\"wpforms-error-noscript\">Please enable JavaScript in your browser to complete this form.<\/noscript><div class=\"wpforms-field-container\"><div id=\"wpforms-4-field_0-container\" class=\"wpforms-field wpforms-field-name\" data-field-id=\"0\"><label class=\"wpforms-field-label wpforms-label-hide\" for=\"wpforms-4-field_0\">Imi\u0119 <span class=\"wpforms-required-label\">*<\/span><\/label><input type=\"text\" id=\"wpforms-4-field_0\" class=\"wpforms-field-large wpforms-field-required\" name=\"wpforms[fields][0]\" placeholder=\"Imi\u0119\" required><\/div><div id=\"wpforms-4-field_1-container\" class=\"wpforms-field wpforms-field-email\" data-field-id=\"1\"><label class=\"wpforms-field-label wpforms-label-hide\" for=\"wpforms-4-field_1\">Email <span class=\"wpforms-required-label\">*<\/span><\/label><input type=\"email\" id=\"wpforms-4-field_1\" class=\"wpforms-field-large wpforms-field-required\" name=\"wpforms[fields][1]\" placeholder=\"Email\" required><\/div><div id=\"wpforms-4-field_3-container\" class=\"wpforms-field wpforms-field-text\" data-field-id=\"3\"><label class=\"wpforms-field-label wpforms-label-hide\" for=\"wpforms-4-field_3\">Temat <span class=\"wpforms-required-label\">*<\/span><\/label><input type=\"text\" id=\"wpforms-4-field_3\" class=\"wpforms-field-large wpforms-field-required\" name=\"wpforms[fields][3]\" placeholder=\"Temat\" required><\/div><div id=\"wpforms-4-field_2-container\" class=\"wpforms-field wpforms-field-textarea\" data-field-id=\"2\"><label class=\"wpforms-field-label wpforms-label-hide\" for=\"wpforms-4-field_2\">Wiadomo\u015b\u0107 <span class=\"wpforms-required-label\">*<\/span><\/label><textarea id=\"wpforms-4-field_2\" class=\"wpforms-field-medium wpforms-field-required\" name=\"wpforms[fields][2]\" placeholder=\"Wiadomo\u015b\u0107\" required><\/textarea><\/div><\/div><div class=\"wpforms-field wpforms-field-hp\"><label for=\"wpforms-4-field-hp\" class=\"wpforms-field-label\">Message<\/label><input type=\"text\" name=\"wpforms[hp]\" id=\"wpforms-4-field-hp\" class=\"wpforms-field-medium\"><\/div><div class=\"wpforms-submit-container\"><input type=\"hidden\" name=\"wpforms[id]\" value=\"4\"><input type=\"hidden\" name=\"wpforms[author]\" value=\"1\"><button type=\"submit\" name=\"wpforms[submit]\" id=\"wpforms-submit-4\" class=\"wpforms-submit\" data-alt-text=\"Sending...\" data-submit-text=\"Wy\u015blij\" aria-live=\"assertive\" value=\"wpforms-submit\">Wy\u015blij<\/button><\/div><\/form><\/div>  <!-- .wpforms-container --><\/div>\n<\/div><\/div>\n\n\n\n<figure class=\"wp-block-image aligncenter size-large is-resized\"><img decoding=\"async\" loading=\"lazy\" src=\"https:\/\/autystka.pl\/wp-content\/uploads\/2022\/09\/20220129_111733-1024x768.jpg\" alt=\"Pies towarzysz\u0105cy skrzynka kontaktowa\" class=\"wp-image-1893\" width=\"364\" height=\"273\" srcset=\"https:\/\/autystka.pl\/wp-content\/uploads\/2022\/09\/20220129_111733-1024x768.jpg 1024w, https:\/\/autystka.pl\/wp-content\/uploads\/2022\/09\/20220129_111733-300x225.jpg 300w, https:\/\/autystka.pl\/wp-content\/uploads\/2022\/09\/20220129_111733-768x576.jpg 768w, https:\/\/autystka.pl\/wp-content\/uploads\/2022\/09\/20220129_111733-1536x1152.jpg 1536w, https:\/\/autystka.pl\/wp-content\/uploads\/2022\/09\/20220129_111733-2048x1536.jpg 2048w\" sizes=\"(max-width: 364px) 100vw, 364px\" \/><\/figure>\n\n\n\n<div class=\"wp-block-uagb-container uagb-block-b134fc5c alignfull uagb-is-root-container\"><div class=\"uagb-container-inner-blocks-wrap\">\n<p class=\"has-text-align-center has-medium-font-size\"><strong><em>&#8220;Things change. They always do, it&#8217;s one of the things of nature. Most people are afraid of change, but if you look at it as something you can always count on, then it can be a comfort.&#8221;<\/em><\/strong><\/p>\n\n\n\n<p class=\"has-text-align-center\">R. J. Waller<\/p>\n<\/div><\/div>\n","protected":false},"excerpt":{"rendered":"","protected":false},"author":1,"featured_media":0,"parent":0,"menu_order":0,"comment_status":"closed","ping_status":"closed","template":"","meta":{"om_disable_all_campaigns":false,"_uag_custom_page_level_css":"","_mi_skip_tracking":false,"site-sidebar-layout":"no-sidebar","site-content-layout":"page-builder","ast-global-header-display":"","ast-main-header-display":"","ast-hfb-above-header-display":"","ast-hfb-below-header-display":"","ast-hfb-mobile-header-display":"","site-post-title":"disabled","ast-breadcrumbs-content":"","ast-featured-img":"disabled","footer-sml-layout":"","theme-transparent-header-meta":"enabled","adv-header-id-meta":"","stick-header-meta":"","header-above-stick-meta":"","header-main-stick-meta":"","header-below-stick-meta":""},"yoast_head":"<!-- This site is optimized with the Yoast SEO plugin v19.13 - https:\/\/yoast.com\/wordpress\/plugins\/seo\/ -->\n<title>Kontakt - autystka.pl<\/title>\n<meta name=\"description\" content=\"Je\u015bli chcesz si\u0119 ze mn\u0105 skontaktowa\u0107, mo\u017cesz skorzysta\u0107 z formularza kontaktowego lub napisa\u0107 e-mail Zapraszam do kontaktu\" \/>\n<meta name=\"robots\" content=\"index, follow, max-snippet:-1, max-image-preview:large, max-video-preview:-1\" \/>\n<link rel=\"canonical\" href=\"https:\/\/autystka.pl\/?page_id=1328\" \/>\n<meta property=\"og:locale\" content=\"pl_PL\" \/>\n<meta property=\"og:type\" content=\"article\" \/>\n<meta property=\"og:title\" content=\"Kontakt - autystka.pl\" \/>\n<meta property=\"og:description\" content=\"Je\u015bli chcesz si\u0119 ze mn\u0105 skontaktowa\u0107, mo\u017cesz skorzysta\u0107 z formularza kontaktowego lub napisa\u0107 e-mail Zapraszam do kontaktu\" \/>\n<meta property=\"og:url\" content=\"https:\/\/autystka.pl\/?page_id=1328\" \/>\n<meta property=\"og:site_name\" content=\"autystka.pl\" \/>\n<meta property=\"article:modified_time\" content=\"2022-10-26T19:12:48+00:00\" \/>\n<meta property=\"og:image\" content=\"https:\/\/autystka.pl\/wp-content\/uploads\/2022\/09\/email.png\" \/>\n<meta name=\"twitter:card\" content=\"summary_large_image\" \/>\n<meta name=\"twitter:label1\" content=\"Szacowany czas czytania\" \/>\n\t<meta name=\"twitter:data1\" content=\"1 minuta\" \/>\n<script type=\"application\/ld+json\" class=\"yoast-schema-graph\">{\"@context\":\"https:\/\/schema.org\",\"@graph\":[{\"@type\":\"WebPage\",\"@id\":\"https:\/\/autystka.pl\/?page_id=1328\",\"url\":\"https:\/\/autystka.pl\/?page_id=1328\",\"name\":\"Kontakt - autystka.pl\",\"isPartOf\":{\"@id\":\"https:\/\/autystka.pl\/#website\"},\"datePublished\":\"2022-02-24T05:05:12+00:00\",\"dateModified\":\"2022-10-26T19:12:48+00:00\",\"description\":\"Je\u015bli chcesz si\u0119 ze mn\u0105 skontaktowa\u0107, mo\u017cesz skorzysta\u0107 z formularza kontaktowego lub napisa\u0107 e-mail Zapraszam do kontaktu\",\"breadcrumb\":{\"@id\":\"https:\/\/autystka.pl\/?page_id=1328#breadcrumb\"},\"inLanguage\":\"pl-PL\",\"potentialAction\":[{\"@type\":\"ReadAction\",\"target\":[\"https:\/\/autystka.pl\/?page_id=1328\"]}]},{\"@type\":\"BreadcrumbList\",\"@id\":\"https:\/\/autystka.pl\/?page_id=1328#breadcrumb\",\"itemListElement\":[{\"@type\":\"ListItem\",\"position\":1,\"name\":\"Home\",\"item\":\"https:\/\/autystka.pl\/\"},{\"@type\":\"ListItem\",\"position\":2,\"name\":\"Kontakt\"}]},{\"@type\":\"WebSite\",\"@id\":\"https:\/\/autystka.pl\/#website\",\"url\":\"https:\/\/autystka.pl\/\",\"name\":\"autystka.pl\",\"description\":\"Autystka w szopnach \u017cycia - blog\",\"publisher\":{\"@id\":\"https:\/\/autystka.pl\/#organization\"},\"potentialAction\":[{\"@type\":\"SearchAction\",\"target\":{\"@type\":\"EntryPoint\",\"urlTemplate\":\"https:\/\/autystka.pl\/?s={search_term_string}\"},\"query-input\":\"required name=search_term_string\"}],\"inLanguage\":\"pl-PL\"},{\"@type\":\"Organization\",\"@id\":\"https:\/\/autystka.pl\/#organization\",\"name\":\"autystka.pl\",\"url\":\"https:\/\/autystka.pl\/\",\"logo\":{\"@type\":\"ImageObject\",\"inLanguage\":\"pl-PL\",\"@id\":\"https:\/\/autystka.pl\/#\/schema\/logo\/image\/\",\"url\":\"https:\/\/autystka.pl\/wp-content\/uploads\/2022\/10\/cropped-l4-kopia.png\",\"contentUrl\":\"https:\/\/autystka.pl\/wp-content\/uploads\/2022\/10\/cropped-l4-kopia.png\",\"width\":1362,\"height\":1194,\"caption\":\"autystka.pl\"},\"image\":{\"@id\":\"https:\/\/autystka.pl\/#\/schema\/logo\/image\/\"}}]}<\/script>\n<!-- \/ Yoast SEO plugin. -->","yoast_head_json":{"title":"Kontakt - autystka.pl","description":"Je\u015bli chcesz si\u0119 ze mn\u0105 skontaktowa\u0107, mo\u017cesz skorzysta\u0107 z formularza kontaktowego lub napisa\u0107 e-mail Zapraszam do kontaktu","robots":{"index":"index","follow":"follow","max-snippet":"max-snippet:-1","max-image-preview":"max-image-preview:large","max-video-preview":"max-video-preview:-1"},"canonical":"https:\/\/autystka.pl\/?page_id=1328","og_locale":"pl_PL","og_type":"article","og_title":"Kontakt - autystka.pl","og_description":"Je\u015bli chcesz si\u0119 ze mn\u0105 skontaktowa\u0107, mo\u017cesz skorzysta\u0107 z formularza kontaktowego lub napisa\u0107 e-mail Zapraszam do kontaktu","og_url":"https:\/\/autystka.pl\/?page_id=1328","og_site_name":"autystka.pl","article_modified_time":"2022-10-26T19:12:48+00:00","og_image":[{"url":"https:\/\/autystka.pl\/wp-content\/uploads\/2022\/09\/email.png"}],"twitter_card":"summary_large_image","twitter_misc":{"Szacowany czas czytania":"1 minuta"},"schema":{"@context":"https:\/\/schema.org","@graph":[{"@type":"WebPage","@id":"https:\/\/autystka.pl\/?page_id=1328","url":"https:\/\/autystka.pl\/?page_id=1328","name":"Kontakt - autystka.pl","isPartOf":{"@id":"https:\/\/autystka.pl\/#website"},"datePublished":"2022-02-24T05:05:12+00:00","dateModified":"2022-10-26T19:12:48+00:00","description":"Je\u015bli chcesz si\u0119 ze mn\u0105 skontaktowa\u0107, mo\u017cesz skorzysta\u0107 z formularza kontaktowego lub napisa\u0107 e-mail Zapraszam do kontaktu","breadcrumb":{"@id":"https:\/\/autystka.pl\/?page_id=1328#breadcrumb"},"inLanguage":"pl-PL","potentialAction":[{"@type":"ReadAction","target":["https:\/\/autystka.pl\/?page_id=1328"]}]},{"@type":"BreadcrumbList","@id":"https:\/\/autystka.pl\/?page_id=1328#breadcrumb","itemListElement":[{"@type":"ListItem","position":1,"name":"Home","item":"https:\/\/autystka.pl\/"},{"@type":"ListItem","position":2,"name":"Kontakt"}]},{"@type":"WebSite","@id":"https:\/\/autystka.pl\/#website","url":"https:\/\/autystka.pl\/","name":"autystka.pl","description":"Autystka w szopnach \u017cycia - blog","publisher":{"@id":"https:\/\/autystka.pl\/#organization"},"potentialAction":[{"@type":"SearchAction","target":{"@type":"EntryPoint","urlTemplate":"https:\/\/autystka.pl\/?s={search_term_string}"},"query-input":"required name=search_term_string"}],"inLanguage":"pl-PL"},{"@type":"Organization","@id":"https:\/\/autystka.pl\/#organization","name":"autystka.pl","url":"https:\/\/autystka.pl\/","logo":{"@type":"ImageObject","inLanguage":"pl-PL","@id":"https:\/\/autystka.pl\/#\/schema\/logo\/image\/","url":"https:\/\/autystka.pl\/wp-content\/uploads\/2022\/10\/cropped-l4-kopia.png","contentUrl":"https:\/\/autystka.pl\/wp-content\/uploads\/2022\/10\/cropped-l4-kopia.png","width":1362,"height":1194,"caption":"autystka.pl"},"image":{"@id":"https:\/\/autystka.pl\/#\/schema\/logo\/image\/"}}]}},"uagb_featured_image_src":{"full":false,"thumbnail":false,"medium":false,"medium_large":false,"large":false,"1536x1536":false,"2048x2048":false},"uagb_author_info":{"display_name":"mariapres2101@gmail.com","author_link":"https:\/\/autystka.pl\/?author=1"},"uagb_comment_info":0,"uagb_excerpt":null,"_links":{"self":[{"href":"https:\/\/autystka.pl\/index.php?rest_route=\/wp\/v2\/pages\/1328"}],"collection":[{"href":"https:\/\/autystka.pl\/index.php?rest_route=\/wp\/v2\/pages"}],"about":[{"href":"https:\/\/autystka.pl\/index.php?rest_route=\/wp\/v2\/types\/page"}],"author":[{"embeddable":true,"href":"https:\/\/autystka.pl\/index.php?rest_route=\/wp\/v2\/users\/1"}],"replies":[{"embeddable":true,"href":"https:\/\/autystka.pl\/index.php?rest_route=%2Fwp%2Fv2%2Fcomments&post=1328"}],"version-history":[{"count":23,"href":"https:\/\/autystka.pl\/index.php?rest_route=\/wp\/v2\/pages\/1328\/revisions"}],"predecessor-version":[{"id":2112,"href":"https:\/\/autystka.pl\/index.php?rest_route=\/wp\/v2\/pages\/1328\/revisions\/2112"}],"wp:attachment":[{"href":"https:\/\/autystka.pl\/index.php?rest_route=%2Fwp%2Fv2%2Fmedia&parent=1328"}],"curies":[{"name":"wp","href":"https:\/\/api.w.org\/{rel}","templated":true}]}}