{"id":3,"date":"2022-09-15T08:05:02","date_gmt":"2022-09-15T06:05:02","guid":{"rendered":"http:\/\/autystka.pl\/?page_id=3"},"modified":"2022-10-26T21:08:05","modified_gmt":"2022-10-26T19:08:05","slug":"privacy-policy","status":"publish","type":"page","link":"https:\/\/autystka.pl\/?page_id=3","title":{"rendered":"Polityka prywatno\u015bci"},"content":{"rendered":"\n<h2 class=\"wp-block-heading\">I Postanowienia og\u00f3lne polityki prywatno\u015bci<\/h2>\n\n\n\n<p><\/p>\n\n\n\n<p>1. Niniejsza Polityka ochrony prywatno\u015bci okre\u015bla spos\u00f3b zbierania, przetwarzania i przechowywania danych osobowych koniecznych do \u015bwiadczenia us\u0142ug drog\u0105 elektroniczn\u0105 za po\u015brednictwem serwisu internetowego w domenie <strong>autystka.pl<\/strong> (dalej: Serwis).<\/p>\n\n\n\n<p>2. Administratorem danych osobowych U\u017cytkownik\u00f3w jest Marta Preisner ul. D\u0142ugosza 19B\/6 51-162 Wroc\u0142aw (dalej: Administrator).<\/p>\n\n\n\n<p>3. Dane osobowe przetwarzane s\u0105 zgodnie z Rozporz\u0105dzeniem Parlamentu Europejskiego i Rady (UE) 2016\/679 z dnia 27 kwietnia 2016 r. w sprawie ochrony os\u00f3b fizycznych w zwi\u0105zku z przetwarzaniem danych osobowych i w sprawie swobodnego przep\u0142ywu takich danych oraz uchylenia dyrektywy 95\/46\/WE (og\u00f3lne rozporz\u0105dzenie o ochronie danych) (dalej: RODO).<\/p>\n\n\n\n<p>4. Zbierane przez Administratora dane b\u0119d\u0105:<\/p>\n\n\n\n<p>\u2013 przetwarzane zgodnie z prawem,<\/p>\n\n\n\n<p>\u2013 przetwarzane w wyra\u017anie okre\u015blonych celach i niepoddawane dalszemu przetwarzaniu niezgodnemu z tymi celami,<\/p>\n\n\n\n<p>\u2013 merytorycznie poprawne i adekwatne w stosunku do cel\u00f3w, w jakich s\u0105 przetwarzane,<\/p>\n\n\n\n<p>\u2013 przechowywane nie d\u0142u\u017cej ni\u017c jest to niezb\u0119dne do osi\u0105gni\u0119cia celu przetwarzania.<\/p>\n\n\n\n<h2 class=\"wp-block-heading\">II. Cel i podstawy prawne przetwarzania danych<\/h2>\n\n\n\n<p>1. Administrator przetwarza dane osobowe niezb\u0119dne do \u015bwiadczenia i rozwoju oferowanych us\u0142ug dost\u0119pnych za po\u015brednictwem Serwisu oraz poszczeg\u00f3lnych jego funkcjonalno\u015bci.<\/p>\n\n\n\n<p>2. Dane osobowe przetwarzane b\u0119d\u0105 w nast\u0119puj\u0105cych celach:<\/p>\n\n\n\n<p>a. rejestracji konta, weryfikacji to\u017csamo\u015bci U\u017cytkownika oraz realizacji umowy o \u015bwiadczeniu us\u0142ug drog\u0105 elektroniczn\u0105 zgodnie z ustaw\u0105 z dnia 18 lipca 2002 r. o \u015bwiadczeniu us\u0142ug drog\u0105 elektroniczn\u0105, w tym w szczeg\u00f3lno\u015bci poprzez zapewnienie mo\u017cliwo\u015bci korzystania z konta U\u017cytkownika \u2013 na podstawie akceptacji warunk\u00f3w Regulaminu (art. 6 ust. 1 lit. b RODO);<\/p>\n\n\n\n<p>b. komunikacji z U\u017cytkownikiem w celu dostarczeniu mu niezb\u0119dnych informacji oraz budowania pozytywnych i rzetelnych relacji z Nim, co stanowi prawnie uzasadniony interes Administratora (art. 6 ust. 1 lit. f RODO);<\/p>\n\n\n\n<p>&nbsp;c. w celach analitycznych i statystycznych na podstawie prawnie uzasadnionego interesu Administratora polegaj\u0105cego na prowadzeniu weryfikacji aktywno\u015bci U\u017cytkownik\u00f3w i ich preferencji dla optymalizacji us\u0142ug i produkt\u00f3w oraz stosowanych funkcjonalno\u015bci Serwisu (art. 6 ust. 1 lit. f RODO);<\/p>\n\n\n\n<p>d. ewentualnego ustalenia, dochodzenia roszcze\u0144 lub obrony przed nimi na podstawie prawnie uzasadnionego interesu Administratora polegaj\u0105cego na ochronie jej praw (art. 6 ust. 1 lit. f RODO).<\/p>\n\n\n\n<p>3. W ka\u017cdym z wymienionych powy\u017cej przypadk\u00f3w (ust 2) podanie danych jest dobrowolne, jednak konieczne do zawarcia umowy lub skorzystania z innych funkcjonalno\u015bci Serwisu.<\/p>\n\n\n\n<h2 class=\"wp-block-heading\">&nbsp;III. Okres przetwarzania danych osobowych<\/h2>\n\n\n\n<p>1. Dane osobowe b\u0119d\u0105 przetwarzane przez okres niezb\u0119dny do zachowania zgodno\u015bci z przepisami prawa, dochodzenia lub obrony przed ewentualnymi roszczeniami, jednak nie d\u0142u\u017cej ni\u017c 3 lat liczone od dnia rozwi\u0105zania umowy o \u015bwiadczeniu us\u0142ug drog\u0105 elektroniczn\u0105.<\/p>\n\n\n\n<p>2. Dane przetwarzane na podstawie zgody b\u0119d\u0105 przetwarzane do czasu wycofania udzielonej zgody z zastrze\u017ceniem, \u017ce wycofanie tej zgody nie ma wp\u0142ywu na zgodno\u015b\u0107 przetwarzania danych, kt\u00f3rego dokonano przed tym wycofaniem.<\/p>\n\n\n\n<h2 class=\"wp-block-heading\">IV. Informacje o przetwarzaniu<\/h2>\n\n\n\n<p>1. Dane osobowe w zale\u017cno\u015bci od celu przetwarzania mog\u0105 zosta\u0107 ujawnione:<\/p>\n\n\n\n<p>a. podmiotom powi\u0105zanym z Administratorem<\/p>\n\n\n\n<p>b. podmiotom wsp\u00f3\u0142pracuj\u0105cym z Administratorem,<\/p>\n\n\n\n<p>c. podwykonawcom, w szczeg\u00f3lno\u015bci podmiotom dostarczaj\u0105cym i obs\u0142uguj\u0105cym wybrane systemy i rozwi\u0105zania informatyczne,<\/p>\n\n\n\n<p>d. podmiotom obs\u0142uguj\u0105cym p\u0142atno\u015bci internetowe,<\/p>\n\n\n\n<p>e. podmiotom \u015bwiadcz\u0105cym us\u0142ugi kuriersko-pocztowe,<\/p>\n\n\n\n<p>f. kancelariom prawnym.<\/p>\n\n\n\n<p>2. Dane osobowe przetwarzane przez Administratorem, nie b\u0119d\u0105\/<s>b\u0119d\u0105<\/s> przekazywane poza Europejski Obszar Gospodarczy ani do organizacji mi\u0119dzynarodowych.<\/p>\n\n\n\n<p>V. Prawa os\u00f3b, kt\u00f3rych dane dotycz\u0105<\/p>\n\n\n\n<p>1. U\u017cytkownik Serwisu ma prawo:<\/p>\n\n\n\n<p>&#8211; dost\u0119pu do tre\u015bci swoich danych osobowych<\/p>\n\n\n\n<p>&#8211; sprostowania danych<\/p>\n\n\n\n<p>&#8211; usuni\u0119cia danych<\/p>\n\n\n\n<p>&#8211; ograniczenia przetwarzania danych<\/p>\n\n\n\n<p>&#8211; przenoszenia danych<\/p>\n\n\n\n<p>&#8211; wniesienia sprzeciwu wobec przetwarzania odbywaj\u0105cego si\u0119 na podstawie prawienie usprawiedliwionego interesu administratora<\/p>\n\n\n\n<p>&#8211; wycofania zgody w dowolnym momencie bez wp\u0142ywu na zgodno\u015b\u0107 z prawem przetwarzania, kt\u00f3rego dokonano na podstawie tej zgody przed jej wycofaniem<\/p>\n\n\n\n<p>2. U\u017cytkownik ma prawo do wniesienia skargi do Prezesa Urz\u0119du Ochrony Danych Osobowych w sytuacji, w kt\u00f3rej uzna, \u017ce przetwarzanie narusza jego prawa i wolno\u015bci.<\/p>\n\n\n\n<p>3. W procesie przetwarzania danych nie dochodzi do zautomatyzowanego podejmowania decyzji w tym do profilowania.<\/p>\n\n\n\n<h2 class=\"wp-block-heading\">VI. Postanowienia ko\u0144cowe<\/h2>\n\n\n\n<p>1. Administrator zastrzega sobie prawo do wprowadzenia zmian w niniejszej Polityce prywatno\u015bci jednocze\u015bnie zapewnia, \u017ce prawa U\u017cytkownik\u00f3w wynikaj\u0105ce z niniejszego dokumenty nie zostan\u0105 ograniczone.<\/p>\n\n\n\n<p>2. O wszelkich zmiana w Polityce prywatno\u015bci U\u017cytkownik zostanie poinformowany poprzez komunikat dost\u0119pny w Serwisie.<\/p>\n","protected":false},"excerpt":{"rendered":"<p>I Postanowienia og\u00f3lne polityki prywatno\u015bci 1. Niniejsza Polityka ochrony prywatno\u015bci okre\u015bla spos\u00f3b zbierania, przetwarzania i przechowywania danych osobowych koniecznych do \u015bwiadczenia us\u0142ug drog\u0105 elektroniczn\u0105 za po\u015brednictwem serwisu internetowego w domenie autystka.pl (dalej: Serwis). 2. Administratorem danych osobowych U\u017cytkownik\u00f3w jest Marta Preisner ul. D\u0142ugosza 19B\/6 51-162 Wroc\u0142aw (dalej: Administrator). 3. Dane osobowe przetwarzane s\u0105 zgodnie z &hellip;<\/p>\n<p class=\"read-more\"> <a class=\"\" href=\"https:\/\/autystka.pl\/?page_id=3\"> <span class=\"screen-reader-text\">Polityka prywatno\u015bci<\/span> Read More &raquo;<\/a><\/p>\n","protected":false},"author":1,"featured_media":0,"parent":0,"menu_order":0,"comment_status":"closed","ping_status":"closed","template":"","meta":{"om_disable_all_campaigns":false,"_uag_custom_page_level_css":"","_mi_skip_tracking":false,"site-sidebar-layout":"default","site-content-layout":"default","ast-global-header-display":"","ast-main-header-display":"","ast-hfb-above-header-display":"","ast-hfb-below-header-display":"","ast-hfb-mobile-header-display":"","site-post-title":"","ast-breadcrumbs-content":"","ast-featured-img":"","footer-sml-layout":"","theme-transparent-header-meta":"","adv-header-id-meta":"","stick-header-meta":"","header-above-stick-meta":"","header-main-stick-meta":"","header-below-stick-meta":""},"yoast_head":"<!-- This site is optimized with the Yoast SEO plugin v19.13 - https:\/\/yoast.com\/wordpress\/plugins\/seo\/ -->\n<title>Polityka prywatno\u015bci - autystka.pl<\/title>\n<meta name=\"description\" content=\"Niniejsza Polityka prywatno\u015bci okre\u015bla spos\u00f3b zbierania, przetwarzania i przechowywania danych osobowych koniecznych do \u015bwiadczenia us\u0142ug\" \/>\n<meta name=\"robots\" content=\"index, follow, max-snippet:-1, max-image-preview:large, max-video-preview:-1\" \/>\n<link rel=\"canonical\" href=\"https:\/\/autystka.pl\/?page_id=3\" \/>\n<meta property=\"og:locale\" content=\"pl_PL\" \/>\n<meta property=\"og:type\" content=\"article\" \/>\n<meta property=\"og:title\" content=\"Polityka prywatno\u015bci - autystka.pl\" \/>\n<meta property=\"og:description\" content=\"Niniejsza Polityka prywatno\u015bci okre\u015bla spos\u00f3b zbierania, przetwarzania i przechowywania danych osobowych koniecznych do \u015bwiadczenia us\u0142ug\" \/>\n<meta property=\"og:url\" content=\"https:\/\/autystka.pl\/?page_id=3\" \/>\n<meta property=\"og:site_name\" content=\"autystka.pl\" \/>\n<meta property=\"article:modified_time\" content=\"2022-10-26T19:08:05+00:00\" \/>\n<meta name=\"twitter:card\" content=\"summary_large_image\" \/>\n<meta name=\"twitter:label1\" content=\"Szacowany czas czytania\" \/>\n\t<meta name=\"twitter:data1\" content=\"4 minuty\" \/>\n<script type=\"application\/ld+json\" class=\"yoast-schema-graph\">{\"@context\":\"https:\/\/schema.org\",\"@graph\":[{\"@type\":\"WebPage\",\"@id\":\"https:\/\/autystka.pl\/?page_id=3\",\"url\":\"https:\/\/autystka.pl\/?page_id=3\",\"name\":\"Polityka prywatno\u015bci - autystka.pl\",\"isPartOf\":{\"@id\":\"https:\/\/autystka.pl\/#website\"},\"datePublished\":\"2022-09-15T06:05:02+00:00\",\"dateModified\":\"2022-10-26T19:08:05+00:00\",\"description\":\"Niniejsza Polityka prywatno\u015bci okre\u015bla spos\u00f3b zbierania, przetwarzania i przechowywania danych osobowych koniecznych do \u015bwiadczenia us\u0142ug\",\"breadcrumb\":{\"@id\":\"https:\/\/autystka.pl\/?page_id=3#breadcrumb\"},\"inLanguage\":\"pl-PL\",\"potentialAction\":[{\"@type\":\"ReadAction\",\"target\":[\"https:\/\/autystka.pl\/?page_id=3\"]}]},{\"@type\":\"BreadcrumbList\",\"@id\":\"https:\/\/autystka.pl\/?page_id=3#breadcrumb\",\"itemListElement\":[{\"@type\":\"ListItem\",\"position\":1,\"name\":\"Home\",\"item\":\"https:\/\/autystka.pl\/\"},{\"@type\":\"ListItem\",\"position\":2,\"name\":\"Polityka prywatno\u015bci\"}]},{\"@type\":\"WebSite\",\"@id\":\"https:\/\/autystka.pl\/#website\",\"url\":\"https:\/\/autystka.pl\/\",\"name\":\"autystka.pl\",\"description\":\"Autystka w szopnach \u017cycia - blog\",\"publisher\":{\"@id\":\"https:\/\/autystka.pl\/#organization\"},\"potentialAction\":[{\"@type\":\"SearchAction\",\"target\":{\"@type\":\"EntryPoint\",\"urlTemplate\":\"https:\/\/autystka.pl\/?s={search_term_string}\"},\"query-input\":\"required name=search_term_string\"}],\"inLanguage\":\"pl-PL\"},{\"@type\":\"Organization\",\"@id\":\"https:\/\/autystka.pl\/#organization\",\"name\":\"autystka.pl\",\"url\":\"https:\/\/autystka.pl\/\",\"logo\":{\"@type\":\"ImageObject\",\"inLanguage\":\"pl-PL\",\"@id\":\"https:\/\/autystka.pl\/#\/schema\/logo\/image\/\",\"url\":\"https:\/\/autystka.pl\/wp-content\/uploads\/2022\/10\/cropped-l4-kopia.png\",\"contentUrl\":\"https:\/\/autystka.pl\/wp-content\/uploads\/2022\/10\/cropped-l4-kopia.png\",\"width\":1362,\"height\":1194,\"caption\":\"autystka.pl\"},\"image\":{\"@id\":\"https:\/\/autystka.pl\/#\/schema\/logo\/image\/\"}}]}<\/script>\n<!-- \/ Yoast SEO plugin. -->","yoast_head_json":{"title":"Polityka prywatno\u015bci - autystka.pl","description":"Niniejsza Polityka prywatno\u015bci okre\u015bla spos\u00f3b zbierania, przetwarzania i przechowywania danych osobowych koniecznych do \u015bwiadczenia us\u0142ug","robots":{"index":"index","follow":"follow","max-snippet":"max-snippet:-1","max-image-preview":"max-image-preview:large","max-video-preview":"max-video-preview:-1"},"canonical":"https:\/\/autystka.pl\/?page_id=3","og_locale":"pl_PL","og_type":"article","og_title":"Polityka prywatno\u015bci - autystka.pl","og_description":"Niniejsza Polityka prywatno\u015bci okre\u015bla spos\u00f3b zbierania, przetwarzania i przechowywania danych osobowych koniecznych do \u015bwiadczenia us\u0142ug","og_url":"https:\/\/autystka.pl\/?page_id=3","og_site_name":"autystka.pl","article_modified_time":"2022-10-26T19:08:05+00:00","twitter_card":"summary_large_image","twitter_misc":{"Szacowany czas czytania":"4 minuty"},"schema":{"@context":"https:\/\/schema.org","@graph":[{"@type":"WebPage","@id":"https:\/\/autystka.pl\/?page_id=3","url":"https:\/\/autystka.pl\/?page_id=3","name":"Polityka prywatno\u015bci - autystka.pl","isPartOf":{"@id":"https:\/\/autystka.pl\/#website"},"datePublished":"2022-09-15T06:05:02+00:00","dateModified":"2022-10-26T19:08:05+00:00","description":"Niniejsza Polityka prywatno\u015bci okre\u015bla spos\u00f3b zbierania, przetwarzania i przechowywania danych osobowych koniecznych do \u015bwiadczenia us\u0142ug","breadcrumb":{"@id":"https:\/\/autystka.pl\/?page_id=3#breadcrumb"},"inLanguage":"pl-PL","potentialAction":[{"@type":"ReadAction","target":["https:\/\/autystka.pl\/?page_id=3"]}]},{"@type":"BreadcrumbList","@id":"https:\/\/autystka.pl\/?page_id=3#breadcrumb","itemListElement":[{"@type":"ListItem","position":1,"name":"Home","item":"https:\/\/autystka.pl\/"},{"@type":"ListItem","position":2,"name":"Polityka prywatno\u015bci"}]},{"@type":"WebSite","@id":"https:\/\/autystka.pl\/#website","url":"https:\/\/autystka.pl\/","name":"autystka.pl","description":"Autystka w szopnach \u017cycia - blog","publisher":{"@id":"https:\/\/autystka.pl\/#organization"},"potentialAction":[{"@type":"SearchAction","target":{"@type":"EntryPoint","urlTemplate":"https:\/\/autystka.pl\/?s={search_term_string}"},"query-input":"required name=search_term_string"}],"inLanguage":"pl-PL"},{"@type":"Organization","@id":"https:\/\/autystka.pl\/#organization","name":"autystka.pl","url":"https:\/\/autystka.pl\/","logo":{"@type":"ImageObject","inLanguage":"pl-PL","@id":"https:\/\/autystka.pl\/#\/schema\/logo\/image\/","url":"https:\/\/autystka.pl\/wp-content\/uploads\/2022\/10\/cropped-l4-kopia.png","contentUrl":"https:\/\/autystka.pl\/wp-content\/uploads\/2022\/10\/cropped-l4-kopia.png","width":1362,"height":1194,"caption":"autystka.pl"},"image":{"@id":"https:\/\/autystka.pl\/#\/schema\/logo\/image\/"}}]}},"uagb_featured_image_src":{"full":false,"thumbnail":false,"medium":false,"medium_large":false,"large":false,"1536x1536":false,"2048x2048":false},"uagb_author_info":{"display_name":"mariapres2101@gmail.com","author_link":"https:\/\/autystka.pl\/?author=1"},"uagb_comment_info":0,"uagb_excerpt":"I Postanowienia og\u00f3lne polityki prywatno\u015bci 1. Niniejsza Polityka ochrony prywatno\u015bci okre\u015bla spos\u00f3b zbierania, przetwarzania i przechowywania danych osobowych koniecznych do \u015bwiadczenia us\u0142ug drog\u0105 elektroniczn\u0105 za po\u015brednictwem serwisu internetowego w domenie autystka.pl (dalej: Serwis). 2. Administratorem danych osobowych U\u017cytkownik\u00f3w jest Marta Preisner ul. D\u0142ugosza 19B\/6 51-162 Wroc\u0142aw (dalej: Administrator). 3. Dane osobowe przetwarzane s\u0105 zgodnie z&hellip;","_links":{"self":[{"href":"https:\/\/autystka.pl\/index.php?rest_route=\/wp\/v2\/pages\/3"}],"collection":[{"href":"https:\/\/autystka.pl\/index.php?rest_route=\/wp\/v2\/pages"}],"about":[{"href":"https:\/\/autystka.pl\/index.php?rest_route=\/wp\/v2\/types\/page"}],"author":[{"embeddable":true,"href":"https:\/\/autystka.pl\/index.php?rest_route=\/wp\/v2\/users\/1"}],"replies":[{"embeddable":true,"href":"https:\/\/autystka.pl\/index.php?rest_route=%2Fwp%2Fv2%2Fcomments&post=3"}],"version-history":[{"count":5,"href":"https:\/\/autystka.pl\/index.php?rest_route=\/wp\/v2\/pages\/3\/revisions"}],"predecessor-version":[{"id":2110,"href":"https:\/\/autystka.pl\/index.php?rest_route=\/wp\/v2\/pages\/3\/revisions\/2110"}],"wp:attachment":[{"href":"https:\/\/autystka.pl\/index.php?rest_route=%2Fwp%2Fv2%2Fmedia&parent=3"}],"curies":[{"name":"wp","href":"https:\/\/api.w.org\/{rel}","templated":true}]}}